{"id":23292,"date":"2025-04-02T11:56:48","date_gmt":"2025-04-02T09:56:48","guid":{"rendered":"https:\/\/www.hurricane.sk\/?page_id=23292"},"modified":"2025-04-02T11:56:48","modified_gmt":"2025-04-02T09:56:48","slug":"wir-bieten","status":"publish","type":"page","link":"https:\/\/www.hurricane.sk\/de\/wir-bieten\/","title":{"rendered":"Wir bieten"},"content":{"rendered":"<div data-elementor-type=\"wp-page\" data-elementor-id=\"23292\" class=\"elementor elementor-23292\" data-elementor-settings=\"{&quot;element_pack_global_tooltip_width&quot;:{&quot;unit&quot;:&quot;px&quot;,&quot;size&quot;:&quot;&quot;,&quot;sizes&quot;:[]},&quot;element_pack_global_tooltip_width_tablet&quot;:{&quot;unit&quot;:&quot;px&quot;,&quot;size&quot;:&quot;&quot;,&quot;sizes&quot;:[]},&quot;element_pack_global_tooltip_width_mobile&quot;:{&quot;unit&quot;:&quot;px&quot;,&quot;size&quot;:&quot;&quot;,&quot;sizes&quot;:[]},&quot;element_pack_global_tooltip_padding&quot;:{&quot;unit&quot;:&quot;px&quot;,&quot;top&quot;:&quot;&quot;,&quot;right&quot;:&quot;&quot;,&quot;bottom&quot;:&quot;&quot;,&quot;left&quot;:&quot;&quot;,&quot;isLinked&quot;:true},&quot;element_pack_global_tooltip_padding_tablet&quot;:{&quot;unit&quot;:&quot;px&quot;,&quot;top&quot;:&quot;&quot;,&quot;right&quot;:&quot;&quot;,&quot;bottom&quot;:&quot;&quot;,&quot;left&quot;:&quot;&quot;,&quot;isLinked&quot;:true},&quot;element_pack_global_tooltip_padding_mobile&quot;:{&quot;unit&quot;:&quot;px&quot;,&quot;top&quot;:&quot;&quot;,&quot;right&quot;:&quot;&quot;,&quot;bottom&quot;:&quot;&quot;,&quot;left&quot;:&quot;&quot;,&quot;isLinked&quot;:true},&quot;element_pack_global_tooltip_border_radius&quot;:{&quot;unit&quot;:&quot;px&quot;,&quot;top&quot;:&quot;&quot;,&quot;right&quot;:&quot;&quot;,&quot;bottom&quot;:&quot;&quot;,&quot;left&quot;:&quot;&quot;,&quot;isLinked&quot;:true},&quot;element_pack_global_tooltip_border_radius_tablet&quot;:{&quot;unit&quot;:&quot;px&quot;,&quot;top&quot;:&quot;&quot;,&quot;right&quot;:&quot;&quot;,&quot;bottom&quot;:&quot;&quot;,&quot;left&quot;:&quot;&quot;,&quot;isLinked&quot;:true},&quot;element_pack_global_tooltip_border_radius_mobile&quot;:{&quot;unit&quot;:&quot;px&quot;,&quot;top&quot;:&quot;&quot;,&quot;right&quot;:&quot;&quot;,&quot;bottom&quot;:&quot;&quot;,&quot;left&quot;:&quot;&quot;,&quot;isLinked&quot;:true}}\" data-elementor-post-type=\"page\">\n\t\t\t\t<div data-particle_enable=\"false\" data-particle-mobile-disabled=\"false\" class=\"elementor-element elementor-element-0de692a elementor-hidden-mobile e-flex e-con-boxed e-con e-parent\" data-id=\"0de692a\" data-element_type=\"container\">\n\t\t\t\t\t<div class=\"e-con-inner\">\n\t\t\t\t<div class=\"elementor-element elementor-element-8e034d7 elementor-widget elementor-widget-shortcode\" data-id=\"8e034d7\" data-element_type=\"widget\" data-widget_type=\"shortcode.default\">\n\t\t\t\t<div class=\"elementor-widget-container\">\n\t\t\t\t\t\t\t<div class=\"elementor-shortcode\"><\/div>\n\t\t\t\t\t\t<\/div>\n\t\t\t\t<\/div>\n\t\t\t\t\t<\/div>\n\t\t\t\t<\/div>\n\t\t<div data-particle_enable=\"false\" data-particle-mobile-disabled=\"false\" class=\"elementor-element elementor-element-a2b4c46 elementor-hidden-mobile e-flex e-con-boxed e-con e-parent\" data-id=\"a2b4c46\" data-element_type=\"container\">\n\t\t\t\t\t<div class=\"e-con-inner\">\n\t\t\t\t<div class=\"elementor-element elementor-element-f369529 elementor-widget elementor-widget-shortcode\" data-id=\"f369529\" data-element_type=\"widget\" data-widget_type=\"shortcode.default\">\n\t\t\t\t<div class=\"elementor-widget-container\">\n\t\t\t\t\t\t\t<div class=\"elementor-shortcode\"><\/div>\n\t\t\t\t\t\t<\/div>\n\t\t\t\t<\/div>\n\t\t\t\t\t<\/div>\n\t\t\t\t<\/div>\n\t\t<div data-particle_enable=\"false\" data-particle-mobile-disabled=\"false\" class=\"elementor-element elementor-element-13bd6ab elementor-hidden-desktop elementor-hidden-tablet e-flex e-con-boxed e-con e-parent\" data-id=\"13bd6ab\" data-element_type=\"container\">\n\t\t\t\t\t<div class=\"e-con-inner\">\n\t\t\t\t<div class=\"elementor-element elementor-element-2912ef0 elementor-widget elementor-widget-shortcode\" data-id=\"2912ef0\" data-element_type=\"widget\" data-widget_type=\"shortcode.default\">\n\t\t\t\t<div class=\"elementor-widget-container\">\n\t\t\t\t\t\t\t<div class=\"elementor-shortcode\"><\/div>\n\t\t\t\t\t\t<\/div>\n\t\t\t\t<\/div>\n\t\t\t\t\t<\/div>\n\t\t\t\t<\/div>\n\t\t<div data-particle_enable=\"false\" data-particle-mobile-disabled=\"false\" class=\"elementor-element elementor-element-6febf47 elementor-hidden-desktop elementor-hidden-tablet e-flex e-con-boxed e-con e-parent\" data-id=\"6febf47\" data-element_type=\"container\">\n\t\t\t\t\t<div class=\"e-con-inner\">\n\t\t\t\t<div class=\"elementor-element elementor-element-2b1e3a7 elementor-widget elementor-widget-shortcode\" data-id=\"2b1e3a7\" data-element_type=\"widget\" data-widget_type=\"shortcode.default\">\n\t\t\t\t<div class=\"elementor-widget-container\">\n\t\t\t\t\t\t\t<div class=\"elementor-shortcode\"><\/div>\n\t\t\t\t\t\t<\/div>\n\t\t\t\t<\/div>\n\t\t\t\t\t<\/div>\n\t\t\t\t<\/div>\n\t\t<div data-particle_enable=\"false\" data-particle-mobile-disabled=\"false\" class=\"elementor-element elementor-element-9be1d98 e-flex e-con-boxed e-con e-parent\" data-id=\"9be1d98\" data-element_type=\"container\">\n\t\t\t\t\t<div class=\"e-con-inner\">\n\t\t\t\t<div class=\"elementor-element elementor-element-fe093a0 elementor-widget elementor-widget-spacer\" data-id=\"fe093a0\" data-element_type=\"widget\" data-widget_type=\"spacer.default\">\n\t\t\t\t<div class=\"elementor-widget-container\">\n\t\t\t\t\t\t\t<div class=\"elementor-spacer\">\n\t\t\t<div class=\"elementor-spacer-inner\"><\/div>\n\t\t<\/div>\n\t\t\t\t\t\t<\/div>\n\t\t\t\t<\/div>\n\t\t\t\t\t<\/div>\n\t\t\t\t<\/div>\n\t\t<div data-particle_enable=\"false\" data-particle-mobile-disabled=\"false\" class=\"elementor-element elementor-element-bdec1d0 e-flex e-con-boxed e-con e-parent\" data-id=\"bdec1d0\" data-element_type=\"container\">\n\t\t\t\t\t<div class=\"e-con-inner\">\n\t\t\t\t<div class=\"elementor-element elementor-element-78ccf60 elementor-widget elementor-widget-elementskit-breadcrumb\" data-id=\"78ccf60\" data-element_type=\"widget\" data-widget_type=\"elementskit-breadcrumb.default\">\n\t\t\t\t<div class=\"elementor-widget-container\">\n\t\t\t\t\t<div class=\"ekit-wid-con\" ><ol class=\"ekit-breadcrumb\"><li class=\"ekit_breadcrumbs_start\"><a href=\"https:\/\/www.hurricane.sk\/de\">Startseite<\/a><\/li><\/ol><\/div>\t\t\t\t<\/div>\n\t\t\t\t<\/div>\n\t\t\t\t\t<\/div>\n\t\t\t\t<\/div>\n\t\t<div data-particle_enable=\"false\" data-particle-mobile-disabled=\"false\" class=\"elementor-element elementor-element-7886b09 e-flex e-con-boxed e-con e-parent\" data-id=\"7886b09\" data-element_type=\"container\">\n\t\t\t\t\t<div class=\"e-con-inner\">\n\t\t\t\t<div class=\"elementor-element elementor-element-b6a5acb elementor-widget elementor-widget-heading\" data-id=\"b6a5acb\" data-element_type=\"widget\" data-widget_type=\"heading.default\">\n\t\t\t\t<div class=\"elementor-widget-container\">\n\t\t\t\t\t<h1 class=\"elementor-heading-title elementor-size-default\">Wir bieten<\/h1>\t\t\t\t<\/div>\n\t\t\t\t<\/div>\n\t\t\t\t\t<\/div>\n\t\t\t\t<\/div>\n\t\t<div data-particle_enable=\"false\" data-particle-mobile-disabled=\"false\" class=\"elementor-element elementor-element-06d47b2 e-flex e-con-boxed e-con e-parent\" data-id=\"06d47b2\" data-element_type=\"container\">\n\t\t\t\t\t<div class=\"e-con-inner\">\n\t\t<div data-particle_enable=\"false\" data-particle-mobile-disabled=\"false\" class=\"elementor-element elementor-element-a5cfb49 e-con-full e-flex e-con e-child\" data-id=\"a5cfb49\" data-element_type=\"container\">\n\t\t\t\t<div class=\"elementor-element elementor-element-e0b0528 elementor-widget elementor-widget-text-editor\" data-id=\"e0b0528\" data-element_type=\"widget\" data-widget_type=\"text-editor.default\">\n\t\t\t\t<div class=\"elementor-widget-container\">\n\t\t\t\t\t\t\t\t\t<p style=\"text-align: justify;\" class=\"translation-block\">Unser Unternehmen Hurricane, s.r.o. bietet umfassende technische und produktionstechnische Dienstleistungen f\u00fcr verschiedene Arten von Veranstaltungen an. Unser Portfolio umfasst Sicherheit f\u00fcr <strong>Events, Konferenzen, Fernsehproduktionen, internationale Ausstellungen, Tanzpartys<\/strong> oder <strong>Konzerte und Festivals. <\/strong>Wir konzentrieren uns auf Details, individuelle Herangehensweise und kreative Ausf\u00fchrung jeder einzelnen Veranstaltung.<\/p>\t\t\t\t\t\t\t\t<\/div>\n\t\t\t\t<\/div>\n\t\t\t\t<\/div>\n\t\t\t\t\t<\/div>\n\t\t\t\t<\/div>\n\t\t<div data-particle_enable=\"false\" data-particle-mobile-disabled=\"false\" class=\"elementor-element elementor-element-2b21c06 e-flex e-con-boxed e-con e-parent\" data-id=\"2b21c06\" data-element_type=\"container\">\n\t\t\t\t\t<div class=\"e-con-inner\">\n\t\t\t\t<div class=\"elementor-element elementor-element-0060ad7 elementor-widget elementor-widget-bdt-post-grid\" data-id=\"0060ad7\" data-element_type=\"widget\" data-settings=\"{&quot;secondary_columns&quot;:&quot;3&quot;,&quot;secondary_columns_tablet&quot;:&quot;3&quot;,&quot;secondary_columns_mobile&quot;:&quot;1&quot;}\" data-widget_type=\"bdt-post-grid.bdt-elanza\">\n\t\t\t\t<div class=\"elementor-widget-container\">\n\t\t\t\t\t \n\t\t<div id=\"bdt-post-grid-0060ad7\" class=\"bdt-post-grid bdt-post-grid-skin-elanza\">\n\t  \t\t<div class=\"bdt-grid bdt-grid-small\" data-bdt-grid>\n\n\t\t\t\t\t\t  \t\t\t\n\t\t\t\t\t\t\t\t\t\t\t<div class=\"bdt-width-2-5@m bdt-primary\">\n\t\t\t\t\t\t    <div>\n\t\t\t\t\t\t        \t\t<div class=\"bdt-post-grid-item bdt-transition-toggle bdt-position-relative\">\n\n\t\t\t<div class=\"bdt-post-grid-img-wrap bdt-overflow-hidden\">\n\t\t\t\t<a href=\"https:\/\/www.hurricane.sk\/de\/wir-bieten\/durchgefuehrte-veranstaltungen\/\" class=\"bdt-transition-scale-up bdt-background-cover bdt-transition-opaque bdt-flex lazyload\" title=\"Veranstaltungen\" style=\"background-image:inherit\" data-bg-image=\"url(https:\/\/www.hurricane.sk\/app\/smush-webp\/2024\/08\/siemens-snd-led-obrazovky-cirova-690x340.jpg.webp)\">\n  \t\t\t\t<\/a>\n\t\t\t<\/div>\n\t\t\t<div class=\"bdt-custom-overlay bdt-position-cover\"><\/div>\n\n\t\t\t<div class=\"bdt-post-grid-desc bdt-position-medium bdt-position-bottom-left\">\n\n\t\t\t\t<h2 class=\"bdt-post-grid-title\">\n\t\t\t\t<a href=\"https:\/\/www.hurricane.sk\/de\/wir-bieten\/durchgefuehrte-veranstaltungen\/\" class=\"bdt-post-grid-link\" title=\"Veranstaltungen\">\n\t\t\t\t\tVeranstaltungen\n\t\t\t\t<\/a>\n\t\t\t<\/h2>\n\t\t\t\t\n\t\t\t\t\t\t\t\t\n\t\t\t<\/div>\n\n\t\t\t\n\t\t<\/div>\n\t\t\t\t\t\t\t\t    <\/div>\n\t\t\t\t\t\t<\/div>\n\n\t\t\t\t\t\t<div class=\"bdt-width-3-5@m bdt-secondary\">\n\t\t\t\t\t\t    <div>\n\t\t\t\t\t\t        <div class=\"bdt-grid bdt-grid-small\" data-bdt-grid>\n\t\t\t\t\t\n\t\t\t\t\t\t\t\t\t\n\t\t\t\t\t\n\t\t\t\t\t\t  \t\t\t\n\t\t\t\t\t\n\t\t\t\t\t\t\t\t\t\t\t\t\t\t\t\t            <div class=\"bdt-width-1-3@m bdt-width-1-3@s bdt-width-1-1\">\n\t\t\t\t\t\t\t                \t\t<div class=\"bdt-post-grid-item bdt-transition-toggle bdt-position-relative\">\n\n\t\t\t<div class=\"bdt-post-grid-img-wrap bdt-overflow-hidden\">\n\t\t\t\t<a href=\"https:\/\/www.hurricane.sk\/de\/wir-bieten\/konferenzen\/\" class=\"bdt-transition-scale-up bdt-background-cover bdt-transition-opaque bdt-flex lazyload\" title=\"Konferenzen\" style=\"background-image:inherit\" data-bg-image=\"url(https:\/\/www.hurricane.sk\/app\/smush-webp\/2024\/08\/eurofi-financial-forum-budapest-technical-support-768x432.jpg.webp)\">\n  \t\t\t\t<\/a>\n\t\t\t<\/div>\n\t\t\t<div class=\"bdt-custom-overlay bdt-position-cover\"><\/div>\n\n\t\t\t<div class=\"bdt-post-grid-desc bdt-position-medium bdt-position-bottom-left\">\n\n\t\t\t\t<h2 class=\"bdt-post-grid-title\">\n\t\t\t\t<a href=\"https:\/\/www.hurricane.sk\/de\/wir-bieten\/konferenzen\/\" class=\"bdt-post-grid-link\" title=\"Konferenzen\">\n\t\t\t\t\tKonferenzen\n\t\t\t\t<\/a>\n\t\t\t<\/h2>\n\t\t\t\t\n\t\t\t\t\t\t\t\t\n\t\t\t<\/div>\n\n\t\t\t\n\t\t<\/div>\n\t\t\t\t\t\t\t\t\t            <\/div>\n\t\t\t\t\t\t            \n\t\t\t\t\t\n\t\t\t\t\t\t  \t\t\t\n\t\t\t\t\t\n\t\t\t\t\t\t\t\t\t\t\t\t\t\t\t\t            <div class=\"bdt-width-1-3@m bdt-width-1-3@s bdt-width-1-1\">\n\t\t\t\t\t\t\t                \t\t<div class=\"bdt-post-grid-item bdt-transition-toggle bdt-position-relative\">\n\n\t\t\t<div class=\"bdt-post-grid-img-wrap bdt-overflow-hidden\">\n\t\t\t\t<a href=\"https:\/\/www.hurricane.sk\/de\/wir-bieten\/ausstellungen\/\" class=\"bdt-transition-scale-up bdt-background-cover bdt-transition-opaque bdt-flex lazyload\" title=\"Ausstellungen\" style=\"background-image:inherit\" data-bg-image=\"url(https:\/\/www.hurricane.sk\/app\/smush-webp\/2024\/08\/regeneron-esmo-barcelona-technologie-inovativne-768x432.jpg.webp)\">\n  \t\t\t\t<\/a>\n\t\t\t<\/div>\n\t\t\t<div class=\"bdt-custom-overlay bdt-position-cover\"><\/div>\n\n\t\t\t<div class=\"bdt-post-grid-desc bdt-position-medium bdt-position-bottom-left\">\n\n\t\t\t\t<h2 class=\"bdt-post-grid-title\">\n\t\t\t\t<a href=\"https:\/\/www.hurricane.sk\/de\/wir-bieten\/ausstellungen\/\" class=\"bdt-post-grid-link\" title=\"Ausstellungen\">\n\t\t\t\t\tAusstellungen\n\t\t\t\t<\/a>\n\t\t\t<\/h2>\n\t\t\t\t\n\t\t\t\t\t\t\t\t\n\t\t\t<\/div>\n\n\t\t\t\n\t\t<\/div>\n\t\t\t\t\t\t\t\t\t            <\/div>\n\t\t\t\t\t\t            \n\t\t\t\t\t\n\t\t\t\t\t\t  \t\t\t\n\t\t\t\t\t\n\t\t\t\t\t\t\t\t\t\t\t\t\t\t\t\t            <div class=\"bdt-width-1-3@m bdt-width-1-3@s bdt-width-1-1\">\n\t\t\t\t\t\t\t                \t\t<div class=\"bdt-post-grid-item bdt-transition-toggle bdt-position-relative\">\n\n\t\t\t<div class=\"bdt-post-grid-img-wrap bdt-overflow-hidden\">\n\t\t\t\t<a href=\"https:\/\/www.hurricane.sk\/de\/wir-bieten\/fernsehen\/\" class=\"bdt-transition-scale-up bdt-background-cover bdt-transition-opaque bdt-flex lazyload\" title=\"Fernsehen\" style=\"background-image:inherit\" data-bg-image=\"url(https:\/\/www.hurricane.sk\/app\/smush-webp\/2024\/08\/sien-slavy-rtvs-relacia-technicke-zabezpecenie-768x432.jpg.webp)\">\n  \t\t\t\t<\/a>\n\t\t\t<\/div>\n\t\t\t<div class=\"bdt-custom-overlay bdt-position-cover\"><\/div>\n\n\t\t\t<div class=\"bdt-post-grid-desc bdt-position-medium bdt-position-bottom-left\">\n\n\t\t\t\t<h2 class=\"bdt-post-grid-title\">\n\t\t\t\t<a href=\"https:\/\/www.hurricane.sk\/de\/wir-bieten\/fernsehen\/\" class=\"bdt-post-grid-link\" title=\"Fernsehen\">\n\t\t\t\t\tFernsehen\n\t\t\t\t<\/a>\n\t\t\t<\/h2>\n\t\t\t\t\n\t\t\t\t\t\t\t\t\n\t\t\t<\/div>\n\n\t\t\t\n\t\t<\/div>\n\t\t\t\t\t\t\t\t\t            <\/div>\n\t\t\t\t\t\t            \n\t\t\t\t\t\n\t\t\t\t\t\t  \t\t\t\n\t\t\t\t\t\n\t\t\t\t\t\t\t\t\t\t\t\t\t\t\t\t            <div class=\"bdt-width-1-3@m bdt-width-1-3@s bdt-width-1-1\">\n\t\t\t\t\t\t\t                \t\t<div class=\"bdt-post-grid-item bdt-transition-toggle bdt-position-relative\">\n\n\t\t\t<div class=\"bdt-post-grid-img-wrap bdt-overflow-hidden\">\n\t\t\t\t<a href=\"https:\/\/www.hurricane.sk\/de\/wir-bieten\/tanzpartys\/\" class=\"bdt-transition-scale-up bdt-background-cover bdt-transition-opaque bdt-flex lazyload\" title=\"Tanzpartys\" style=\"background-image:inherit\" data-bg-image=\"url(https:\/\/www.hurricane.sk\/app\/smush-webp\/2024\/08\/ekg-solo-wakelake-2024-zlate-piesky-768x432.jpg.webp)\">\n  \t\t\t\t<\/a>\n\t\t\t<\/div>\n\t\t\t<div class=\"bdt-custom-overlay bdt-position-cover\"><\/div>\n\n\t\t\t<div class=\"bdt-post-grid-desc bdt-position-medium bdt-position-bottom-left\">\n\n\t\t\t\t<h2 class=\"bdt-post-grid-title\">\n\t\t\t\t<a href=\"https:\/\/www.hurricane.sk\/de\/wir-bieten\/tanzpartys\/\" class=\"bdt-post-grid-link\" title=\"Tanzpartys\">\n\t\t\t\t\tTanzpartys\n\t\t\t\t<\/a>\n\t\t\t<\/h2>\n\t\t\t\t\n\t\t\t\t\t\t\t\t\n\t\t\t<\/div>\n\n\t\t\t\n\t\t<\/div>\n\t\t\t\t\t\t\t\t\t            <\/div>\n\t\t\t\t\t\t            \n\t\t\t\t\t\n\t\t\t\t\t\t  \t\t\t\n\t\t\t\t\t\n\t\t\t\t\t\t\t\t\t\t\t\t\t\t\t\t            <div class=\"bdt-width-1-3@m bdt-width-1-3@s bdt-width-1-1\">\n\t\t\t\t\t\t\t                \t\t<div class=\"bdt-post-grid-item bdt-transition-toggle bdt-position-relative\">\n\n\t\t\t<div class=\"bdt-post-grid-img-wrap bdt-overflow-hidden\">\n\t\t\t\t<a href=\"https:\/\/www.hurricane.sk\/de\/wir-bieten\/konzerte-und-feste\/\" class=\"bdt-transition-scale-up bdt-background-cover bdt-transition-opaque bdt-flex lazyload\" title=\"Konzerte und Feste\" style=\"background-image:inherit\" data-bg-image=\"url(https:\/\/www.hurricane.sk\/app\/smush-webp\/2024\/08\/koncert-zeman-rozhlas-kuly-desmod-orchester-768x432.jpg.webp)\">\n  \t\t\t\t<\/a>\n\t\t\t<\/div>\n\t\t\t<div class=\"bdt-custom-overlay bdt-position-cover\"><\/div>\n\n\t\t\t<div class=\"bdt-post-grid-desc bdt-position-medium bdt-position-bottom-left\">\n\n\t\t\t\t<h2 class=\"bdt-post-grid-title\">\n\t\t\t\t<a href=\"https:\/\/www.hurricane.sk\/de\/wir-bieten\/konzerte-und-feste\/\" class=\"bdt-post-grid-link\" title=\"Konzerte und Feste\">\n\t\t\t\t\tKonzerte und Feste\n\t\t\t\t<\/a>\n\t\t\t<\/h2>\n\t\t\t\t\n\t\t\t\t\t\t\t\t\n\t\t\t<\/div>\n\n\t\t\t\n\t\t<\/div>\n\t\t\t\t\t\t\t\t\t            <\/div>\n\t\t\t\t\t\t            \n\t\t\t\t\t\n\t\t\t\t\t\t  \t\t\t\n\t\t\t\t\t\n\t\t\t\t\t\t\t\t\t\t\t\t\t\t\t\t            <div class=\"bdt-width-1-3@m bdt-width-1-3@s bdt-width-1-1\">\n\t\t\t\t\t\t\t                \t\t<div class=\"bdt-post-grid-item bdt-transition-toggle bdt-position-relative\">\n\n\t\t\t<div class=\"bdt-post-grid-img-wrap bdt-overflow-hidden\">\n\t\t\t\t<a href=\"https:\/\/www.hurricane.sk\/de\/wir-bieten\/online-plattform\/\" class=\"bdt-transition-scale-up bdt-background-cover bdt-transition-opaque bdt-flex lazyload\" title=\"Online-Plattform\" style=\"background-image:inherit\" data-bg-image=\"url(https:\/\/www.hurricane.sk\/app\/smush-webp\/2024\/09\/online-platforma-mobile-768x432.jpg.webp)\">\n  \t\t\t\t<\/a>\n\t\t\t<\/div>\n\t\t\t<div class=\"bdt-custom-overlay bdt-position-cover\"><\/div>\n\n\t\t\t<div class=\"bdt-post-grid-desc bdt-position-medium bdt-position-bottom-left\">\n\n\t\t\t\t<h2 class=\"bdt-post-grid-title\">\n\t\t\t\t<a href=\"https:\/\/www.hurricane.sk\/de\/wir-bieten\/online-plattform\/\" class=\"bdt-post-grid-link\" title=\"Online-Plattform\">\n\t\t\t\t\tOnline-Plattform\n\t\t\t\t<\/a>\n\t\t\t<\/h2>\n\t\t\t\t\n\t\t\t\t\t\t\t\t\n\t\t\t<\/div>\n\n\t\t\t\n\t\t<\/div>\n\t\t\t\t\t\t\t\t\t            <\/div>\n\t\t\t\t\t\t            \n\t\t\t\t\t\t\t\t\t\t\t        <\/div>\n\t\t\t\t\t\t    <\/div>\n\t\t\t\t\t\t<\/div>\n\t\t\t\t\t\n\t\t\t\t\t\t\t<\/div>\n\t\t<\/div>\n\t\n \t\t\t\t\t\t<\/div>\n\t\t\t\t<\/div>\n\t\t\t\t\t<\/div>\n\t\t\t\t<\/div>\n\t\t<div data-particle_enable=\"false\" data-particle-mobile-disabled=\"false\" class=\"elementor-element elementor-element-e4149a7 e-flex e-con-boxed e-con e-parent\" data-id=\"e4149a7\" data-element_type=\"container\">\n\t\t\t\t\t<div class=\"e-con-inner\">\n\t\t\t\t<div class=\"elementor-element elementor-element-ac46c92 elementor-widget elementor-widget-spacer\" data-id=\"ac46c92\" data-element_type=\"widget\" data-widget_type=\"spacer.default\">\n\t\t\t\t<div class=\"elementor-widget-container\">\n\t\t\t\t\t\t\t<div class=\"elementor-spacer\">\n\t\t\t<div class=\"elementor-spacer-inner\"><\/div>\n\t\t<\/div>\n\t\t\t\t\t\t<\/div>\n\t\t\t\t<\/div>\n\t\t\t\t\t<\/div>\n\t\t\t\t<\/div>\n\t\t\t\t<\/div>","protected":false},"excerpt":{"rendered":"<p>Home Na\u0161a spolo\u010dnos\u0165 Hurricane, s.r.o. pon\u00faka komplexn\u00e9 technick\u00e9 a produk\u010dn\u00e9 slu\u017eby pre r\u00f4zne typy podujat\u00ed. Na\u0161e portf\u00f3lio zah\u0155\u0148a zabezpe\u010denie na\u00a0eventy, konferencie, telev\u00edzne produkcie, medzin\u00e1rodn\u00e9 v\u00fdstavy, tane\u010dn\u00e9 p\u00e1rty\u00a0\u010di\u00a0koncerty a festivaly.\u00a0Zameriavame sa na detail, individu\u00e1lny pr\u00edstup a kreat\u00edvne prevedenie ka\u017ed\u00e9ho jedn\u00e9ho podujatia. Eventy Konferencie V\u00fdstavy Telev\u00edzia Tane\u010dn\u00e9 p\u00e1rty Koncerty a festivaly Online platforma<\/p>","protected":false},"author":14,"featured_media":0,"parent":0,"menu_order":0,"comment_status":"closed","ping_status":"closed","template":"","meta":{"_acf_changed":false,"footnotes":""},"class_list":["post-23292","page","type-page","status-publish","hentry"],"acf":[],"yoast_head":"<!-- This site is optimized with the Yoast SEO Premium plugin v24.4 (Yoast SEO v24.6) - https:\/\/yoast.com\/wordpress\/plugins\/seo\/ -->\n<title>Zabezpe\u010dujeme | Hurricane.sk<\/title>\n<meta name=\"description\" content=\"Na\u0161e portf\u00f3lio zah\u0155\u0148a zabezpe\u010denie pre eventy, konferencie, telev\u00edzne produkcie, medzin\u00e1rodn\u00e9 v\u00fdstavy, tane\u010dn\u00e9 p\u00e1rty \u010di koncerty a festivaly.\" \/>\n<meta name=\"robots\" content=\"index, follow, max-snippet:-1, max-image-preview:large, max-video-preview:-1\" \/>\n<link rel=\"canonical\" href=\"https:\/\/www.hurricane.sk\/de\/wir-bieten\/\" \/>\n<meta property=\"og:locale\" content=\"de_DE\" \/>\n<meta property=\"og:type\" content=\"article\" \/>\n<meta property=\"og:title\" content=\"Zabezpe\u010dujeme\" \/>\n<meta property=\"og:description\" content=\"Na\u0161e portf\u00f3lio zah\u0155\u0148a zabezpe\u010denie pre eventy, konferencie, telev\u00edzne produkcie, medzin\u00e1rodn\u00e9 v\u00fdstavy, tane\u010dn\u00e9 p\u00e1rty \u010di koncerty a festivaly.\" \/>\n<meta property=\"og:url\" content=\"https:\/\/www.hurricane.sk\/de\/wir-bieten\/\" \/>\n<meta property=\"og:site_name\" content=\"Hurricane.sk\" \/>\n<meta property=\"article:publisher\" content=\"https:\/\/www.facebook.com\/hurricane.eventy\" \/>\n<meta name=\"twitter:card\" content=\"summary_large_image\" \/>\n<meta name=\"twitter:label1\" content=\"Est. reading time\" \/>\n\t<meta name=\"twitter:data1\" content=\"1 minute\" \/>\n<script type=\"application\/ld+json\" class=\"yoast-schema-graph\">{\"@context\":\"https:\/\/schema.org\",\"@graph\":[{\"@type\":\"WebPage\",\"@id\":\"https:\/\/www.hurricane.sk\/zabezpecujeme\/\",\"url\":\"https:\/\/www.hurricane.sk\/zabezpecujeme\/\",\"name\":\"Zabezpe\u010dujeme | Hurricane.sk\",\"isPartOf\":{\"@id\":\"https:\/\/www.hurricane.sk\/#website\"},\"datePublished\":\"2025-04-02T09:56:48+00:00\",\"description\":\"Na\u0161e portf\u00f3lio zah\u0155\u0148a zabezpe\u010denie pre eventy, konferencie, telev\u00edzne produkcie, medzin\u00e1rodn\u00e9 v\u00fdstavy, tane\u010dn\u00e9 p\u00e1rty \u010di koncerty a festivaly.\",\"breadcrumb\":{\"@id\":\"https:\/\/www.hurricane.sk\/zabezpecujeme\/#breadcrumb\"},\"inLanguage\":\"de-DE\",\"potentialAction\":[{\"@type\":\"ReadAction\",\"target\":[\"https:\/\/www.hurricane.sk\/zabezpecujeme\/\"]}]},{\"@type\":\"BreadcrumbList\",\"@id\":\"https:\/\/www.hurricane.sk\/zabezpecujeme\/#breadcrumb\",\"itemListElement\":[{\"@type\":\"ListItem\",\"position\":1,\"name\":\"Domov\",\"item\":\"https:\/\/www.hurricane.sk\/\"},{\"@type\":\"ListItem\",\"position\":2,\"name\":\"Zabezpe\u010dujeme\"}]},{\"@type\":\"WebSite\",\"@id\":\"https:\/\/www.hurricane.sk\/#website\",\"url\":\"https:\/\/www.hurricane.sk\/\",\"name\":\"Hurricane.sk\",\"description\":\"\",\"potentialAction\":[{\"@type\":\"SearchAction\",\"target\":{\"@type\":\"EntryPoint\",\"urlTemplate\":\"https:\/\/www.hurricane.sk\/?s={search_term_string}\"},\"query-input\":{\"@type\":\"PropertyValueSpecification\",\"valueRequired\":true,\"valueName\":\"search_term_string\"}}],\"inLanguage\":\"de-DE\"}]}<\/script>\n<!-- \/ Yoast SEO Premium plugin. -->","yoast_head_json":{"title":"Wir bieten | Hurricane.sk","description":"Unser Portfolio umfasst die Sicherheit von Veranstaltungen, Konferenzen, TV-Produktionen, internationalen Ausstellungen, Tanzveranstaltungen, Konzerten und Festivals.","robots":{"index":"index","follow":"follow","max-snippet":"max-snippet:-1","max-image-preview":"max-image-preview:large","max-video-preview":"max-video-preview:-1"},"canonical":"https:\/\/www.hurricane.sk\/de\/wir-bieten\/","og_locale":"de_DE","og_type":"article","og_title":"Zabezpe\u010dujeme","og_description":"Na\u0161e portf\u00f3lio zah\u0155\u0148a zabezpe\u010denie pre eventy, konferencie, telev\u00edzne produkcie, medzin\u00e1rodn\u00e9 v\u00fdstavy, tane\u010dn\u00e9 p\u00e1rty \u010di koncerty a festivaly.","og_url":"https:\/\/www.hurricane.sk\/de\/wir-bieten\/","og_site_name":"Hurricane.sk","article_publisher":"https:\/\/www.facebook.com\/hurricane.eventy","twitter_card":"summary_large_image","twitter_misc":{"Est. reading time":"1 minute"},"schema":{"@context":"https:\/\/schema.org","@graph":[{"@type":"WebPage","@id":"https:\/\/www.hurricane.sk\/zabezpecujeme\/","url":"https:\/\/www.hurricane.sk\/zabezpecujeme\/","name":"Wir bieten | Hurricane.sk","isPartOf":{"@id":"https:\/\/www.hurricane.sk\/#website"},"datePublished":"2025-04-02T09:56:48+00:00","description":"Unser Portfolio umfasst die Sicherheit von Veranstaltungen, Konferenzen, TV-Produktionen, internationalen Ausstellungen, Tanzveranstaltungen, Konzerten und Festivals.","breadcrumb":{"@id":"https:\/\/www.hurricane.sk\/zabezpecujeme\/#breadcrumb"},"inLanguage":"de-DE","potentialAction":[{"@type":"ReadAction","target":["https:\/\/www.hurricane.sk\/zabezpecujeme\/"]}]},{"@type":"BreadcrumbList","@id":"https:\/\/www.hurricane.sk\/zabezpecujeme\/#breadcrumb","itemListElement":[{"@type":"ListItem","position":1,"name":"Domov","item":"https:\/\/www.hurricane.sk\/"},{"@type":"ListItem","position":2,"name":"Zabezpe\u010dujeme"}]},{"@type":"WebSite","@id":"https:\/\/www.hurricane.sk\/#website","url":"https:\/\/www.hurricane.sk\/","name":"Hurricane.sk","description":"","potentialAction":[{"@type":"SearchAction","target":{"@type":"EntryPoint","urlTemplate":"https:\/\/www.hurricane.sk\/?s={search_term_string}"},"query-input":{"@type":"PropertyValueSpecification","valueRequired":true,"valueName":"search_term_string"}}],"inLanguage":"de-DE"}]}},"_links":{"self":[{"href":"https:\/\/www.hurricane.sk\/de\/wp-json\/wp\/v2\/pages\/23292","targetHints":{"allow":["GET"]}}],"collection":[{"href":"https:\/\/www.hurricane.sk\/de\/wp-json\/wp\/v2\/pages"}],"about":[{"href":"https:\/\/www.hurricane.sk\/de\/wp-json\/wp\/v2\/types\/page"}],"author":[{"embeddable":true,"href":"https:\/\/www.hurricane.sk\/de\/wp-json\/wp\/v2\/users\/14"}],"replies":[{"embeddable":true,"href":"https:\/\/www.hurricane.sk\/de\/wp-json\/wp\/v2\/comments?post=23292"}],"version-history":[{"count":0,"href":"https:\/\/www.hurricane.sk\/de\/wp-json\/wp\/v2\/pages\/23292\/revisions"}],"wp:attachment":[{"href":"https:\/\/www.hurricane.sk\/de\/wp-json\/wp\/v2\/media?parent=23292"}],"curies":[{"name":"wp","href":"https:\/\/api.w.org\/{rel}","templated":true}]}}